{"id":7,"date":"2016-06-25T01:18:40","date_gmt":"2016-06-25T05:18:40","guid":{"rendered":"https:\/\/perfectpisosindustriais.com.br\/?page_id=7"},"modified":"2016-06-26T17:31:27","modified_gmt":"2016-06-26T21:31:27","slug":"inicio","status":"publish","type":"page","link":"https:\/\/perfectpisosindustriais.com.br\/","title":{"rendered":"In\u00edcio"},"content":{"rendered":"<div id=\"pl-7\"><div class=\"panel-grid\" id=\"pg-7-0\" ><div class=\"siteorigin-panels-stretch panel-row-style\" data-stretch-type=\"full-stretched\" ><div class=\"panel-grid-cell\" id=\"pgc-7-0-0\" ><div class=\"so-panel widget widget_sow-hero panel-first-child panel-last-child\" id=\"panel-7-0-0-0\" data-index=\"0\"><div class=\"so-widget-sow-hero so-widget-sow-hero-default-cda46629a6cb\"><div class=\"sow-slider-base \" style=\"display: none\"><ul class=\"sow-slider-images\" data-settings=\"{&quot;pagination&quot;:true,&quot;speed&quot;:800,&quot;timeout&quot;:8000,&quot;swipe&quot;:true}\">\t\t<li class=\"sow-slider-image  sow-slider-image-cover\" style=\"background-color: #0a0a0a\" >\n\t\t\t\t\t<div class=\"sow-slider-image-container\">\n\t\t\t<div class=\"sow-slider-image-wrapper\">\n\t\t\t\t<p><img class=\"aligncenter wp-image-41\" src=\"https:\/\/perfectpisosindustriais.com.br\/wp-content\/uploads\/2016\/06\/Equipe2.png\" alt=\"Equipe2\" width=\"474\" height=\"300\" \/><\/p><h1 style=\"text-align: center\">A Perfect possui equipe especializada para cada tipo de servi\u00e7o<\/h1>\t\t\t<\/div>\n\t\t<\/div>\n\t\t<div class=\"sow-slider-image-overlay sow-slider-image-cover\" style=\"background-image: url(https:\/\/perfectpisosindustriais.com.br\/wp-content\/uploads\/2016\/06\/fundo_4.jpg);opacity: 0.71\"  ><\/div>\t\t<\/li>\n\t\t\t\t<li class=\"sow-slider-image  sow-slider-image-cover\" style=\"background-color: #0c0c0c\" >\n\t\t\t\t\t<div class=\"sow-slider-image-container\">\n\t\t\t<div class=\"sow-slider-image-wrapper\">\n\t\t\t\t<p><img class=\"aligncenter wp-image-46\" src=\"https:\/\/perfectpisosindustriais.com.br\/wp-content\/uploads\/2016\/06\/ferramenta1.png\" width=\"420\" height=\"300\" \/><\/p><h1 style=\"text-align: center\">Utilizamos equipamentos de primeira linha<\/h1>\t\t\t<\/div>\n\t\t<\/div>\n\t\t<div class=\"sow-slider-image-overlay sow-slider-image-cover\" style=\"background-image: url(https:\/\/perfectpisosindustriais.com.br\/wp-content\/uploads\/2016\/06\/concreto.jpg);opacity: 0.77\"  ><\/div>\t\t<\/li>\n\t\t\t\t<li class=\"sow-slider-image  sow-slider-image-cover\" style=\"background-color: #0c0c0c\" >\n\t\t\t\t\t<div class=\"sow-slider-image-container\">\n\t\t\t<div class=\"sow-slider-image-wrapper\">\n\t\t\t\t<p><img class=\"aligncenter wp-image-45\" src=\"https:\/\/perfectpisosindustriais.com.br\/wp-content\/uploads\/2016\/06\/Ferramenta2.png\" width=\"292\" height=\"300\" \/><\/p><h1 style=\"text-align: center\">Utilizamos equipamentos de primeira linha<\/h1>\t\t\t<\/div>\n\t\t<\/div>\n\t\t<div class=\"sow-slider-image-overlay sow-slider-image-cover\" style=\"background-image: url(https:\/\/perfectpisosindustriais.com.br\/wp-content\/uploads\/2016\/06\/concreto.jpg);opacity: 0.82\"  ><\/div>\t\t<\/li>\n\t\t<\/ul>\t\t\t\t<ol class=\"sow-slider-pagination\">\n\t\t\t\t\t\t\t\t\t\t\t<li><a href=\"#\" data-goto=\"0\">1<\/a><\/li>\n\t\t\t\t\t\t\t\t\t\t\t<li><a href=\"#\" data-goto=\"1\">2<\/a><\/li>\n\t\t\t\t\t\t\t\t\t\t\t<li><a href=\"#\" data-goto=\"2\">3<\/a><\/li>\n\t\t\t\t\t\t\t\t\t<\/ol>\n\n\t\t\t\t<div class=\"sow-slide-nav sow-slide-nav-next\">\n\t\t\t\t\t<a href=\"#\" data-goto=\"next\" data-action=\"next\">\n\t\t\t\t\t\t<em class=\"sow-sld-icon-thin-right\"><\/em>\n\t\t\t\t\t<\/a>\n\t\t\t\t<\/div>\n\n\t\t\t\t<div class=\"sow-slide-nav sow-slide-nav-prev\">\n\t\t\t\t\t<a href=\"#\" data-goto=\"previous\" data-action=\"prev\">\n\t\t\t\t\t\t<em class=\"sow-sld-icon-thin-left\"><\/em>\n\t\t\t\t\t<\/a>\n\t\t\t\t<\/div>\n\t\t\t\t<\/div><\/div><\/div><\/div><\/div><\/div><div class=\"panel-grid\" id=\"pg-7-1\" ><div class=\"siteorigin-panels-stretch panel-row-style\" style=\"padding: 50px;\" data-stretch-type=\"full\" ><div class=\"panel-grid-cell\" id=\"pgc-7-1-0\" ><div class=\"so-panel widget widget_lsow-heading panel-first-child panel-last-child\" id=\"panel-7-1-0-0\" data-index=\"1\"><div class=\"so-widget-lsow-heading so-widget-lsow-heading-default-d75171398898\">\n<div class=\"lsow-heading lsow-style3 lsow-aligncenter\">\n\n    \n    <h3 class=\"lsow-title\">A Perfect Acabamentos \u00e9 considerada uma das refer\u00eancias em polimento de piso industrial, se destacando pelo excelente acabamento.<\/h3>\n\n    \n<\/div><\/div><\/div><\/div><\/div><\/div><div class=\"panel-grid\" id=\"pg-7-2\" ><div class=\"lsow-row siteorigin-panels-stretch panel-row-style\" data-stretch-type=\"full\" ><div class=\"panel-grid-cell\" id=\"pgc-7-2-0\" ><div class=\"so-panel widget widget_sow-editor panel-first-child panel-last-child\" id=\"panel-7-2-0-0\" data-index=\"2\"><div class=\"so-widget-sow-editor so-widget-sow-editor-base\">\n<div class=\"siteorigin-widget-tinymce textwidget\">\n\t<div id='gallery-1' class='gallery galleryid-7 gallery-columns-1 gallery-size-thumbnail'><figure class='gallery-item'>\n\t\t\t<div class='gallery-icon landscape'>\n\t\t\t\t<a href='https:\/\/perfectpisosindustriais.com.br\/wp-content\/uploads\/2016\/06\/13c9823ca041238c1e8e083685f9c7cc_g.jpg' data-rel=\"lightbox-gallery-1\"><img width=\"150\" height=\"150\" src=\"https:\/\/perfectpisosindustriais.com.br\/wp-content\/uploads\/2016\/06\/13c9823ca041238c1e8e083685f9c7cc_g-150x150.jpg\" class=\"attachment-thumbnail size-thumbnail\" alt=\"\" decoding=\"async\" loading=\"lazy\" \/><\/a>\n\t\t\t<\/div><\/figure><figure class='gallery-item'>\n\t\t\t<div class='gallery-icon landscape'>\n\t\t\t\t<a href='https:\/\/perfectpisosindustriais.com.br\/wp-content\/uploads\/2016\/06\/bfe7425e89122f6fe80d94e38c5064ee_g.jpg' data-rel=\"lightbox-gallery-1\"><img width=\"150\" height=\"150\" src=\"https:\/\/perfectpisosindustriais.com.br\/wp-content\/uploads\/2016\/06\/bfe7425e89122f6fe80d94e38c5064ee_g-150x150.jpg\" class=\"attachment-thumbnail size-thumbnail\" alt=\"\" decoding=\"async\" loading=\"lazy\" \/><\/a>\n\t\t\t<\/div><\/figure><figure class='gallery-item'>\n\t\t\t<div class='gallery-icon landscape'>\n\t\t\t\t<a href='https:\/\/perfectpisosindustriais.com.br\/wp-content\/uploads\/2016\/06\/c57bbefa95b4b0dff73a0091106a459f_g.jpg' data-rel=\"lightbox-gallery-1\"><img width=\"150\" height=\"150\" src=\"https:\/\/perfectpisosindustriais.com.br\/wp-content\/uploads\/2016\/06\/c57bbefa95b4b0dff73a0091106a459f_g-150x150.jpg\" class=\"attachment-thumbnail size-thumbnail\" alt=\"\" decoding=\"async\" loading=\"lazy\" \/><\/a>\n\t\t\t<\/div><\/figure><figure class='gallery-item'>\n\t\t\t<div class='gallery-icon landscape'>\n\t\t\t\t<a href='https:\/\/perfectpisosindustriais.com.br\/wp-content\/uploads\/2016\/06\/50c9b25c306322bdb0fd153e8e994de5_g.jpg' data-rel=\"lightbox-gallery-1\"><img width=\"150\" height=\"150\" src=\"https:\/\/perfectpisosindustriais.com.br\/wp-content\/uploads\/2016\/06\/50c9b25c306322bdb0fd153e8e994de5_g-150x150.jpg\" class=\"attachment-thumbnail size-thumbnail\" alt=\"\" decoding=\"async\" loading=\"lazy\" \/><\/a>\n\t\t\t<\/div><\/figure><figure class='gallery-item'>\n\t\t\t<div class='gallery-icon landscape'>\n\t\t\t\t<a href='https:\/\/perfectpisosindustriais.com.br\/wp-content\/uploads\/2016\/06\/f8785b397e31c3e6add380da55395820_g.jpg' data-rel=\"lightbox-gallery-1\"><img width=\"150\" height=\"150\" src=\"https:\/\/perfectpisosindustriais.com.br\/wp-content\/uploads\/2016\/06\/f8785b397e31c3e6add380da55395820_g-150x150.jpg\" class=\"attachment-thumbnail size-thumbnail\" alt=\"\" decoding=\"async\" loading=\"lazy\" \/><\/a>\n\t\t\t<\/div><\/figure><figure class='gallery-item'>\n\t\t\t<div class='gallery-icon landscape'>\n\t\t\t\t<a href='https:\/\/perfectpisosindustriais.com.br\/wp-content\/uploads\/2016\/06\/ea42f607a96406a99ec906d8ed40b8b4_g.jpg' data-rel=\"lightbox-gallery-1\"><img width=\"150\" height=\"150\" src=\"https:\/\/perfectpisosindustriais.com.br\/wp-content\/uploads\/2016\/06\/ea42f607a96406a99ec906d8ed40b8b4_g-150x150.jpg\" class=\"attachment-thumbnail size-thumbnail\" alt=\"\" decoding=\"async\" loading=\"lazy\" \/><\/a>\n\t\t\t<\/div><\/figure><figure class='gallery-item'>\n\t\t\t<div class='gallery-icon landscape'>\n\t\t\t\t<a href='https:\/\/perfectpisosindustriais.com.br\/wp-content\/uploads\/2016\/06\/f61dd69a6ce986b232034195dcc03513_g.jpg' data-rel=\"lightbox-gallery-1\"><img width=\"150\" height=\"150\" src=\"https:\/\/perfectpisosindustriais.com.br\/wp-content\/uploads\/2016\/06\/f61dd69a6ce986b232034195dcc03513_g-150x150.jpg\" class=\"attachment-thumbnail size-thumbnail\" alt=\"\" decoding=\"async\" loading=\"lazy\" \/><\/a>\n\t\t\t<\/div><\/figure><figure class='gallery-item'>\n\t\t\t<div class='gallery-icon landscape'>\n\t\t\t\t<a href='https:\/\/perfectpisosindustriais.com.br\/wp-content\/uploads\/2016\/06\/96dd3212adab7c5ee92b4e725a2a3429_g.jpg' data-rel=\"lightbox-gallery-1\"><img width=\"150\" height=\"150\" src=\"https:\/\/perfectpisosindustriais.com.br\/wp-content\/uploads\/2016\/06\/96dd3212adab7c5ee92b4e725a2a3429_g-150x150.jpg\" class=\"attachment-thumbnail size-thumbnail\" alt=\"\" decoding=\"async\" loading=\"lazy\" \/><\/a>\n\t\t\t<\/div><\/figure><figure class='gallery-item'>\n\t\t\t<div class='gallery-icon landscape'>\n\t\t\t\t<a href='https:\/\/perfectpisosindustriais.com.br\/wp-content\/uploads\/2016\/06\/4acccc3d4af8c5c884b296d712b4b67d_g.jpg' data-rel=\"lightbox-gallery-1\"><img width=\"150\" height=\"150\" src=\"https:\/\/perfectpisosindustriais.com.br\/wp-content\/uploads\/2016\/06\/4acccc3d4af8c5c884b296d712b4b67d_g-150x150.jpg\" class=\"attachment-thumbnail size-thumbnail\" alt=\"\" decoding=\"async\" loading=\"lazy\" \/><\/a>\n\t\t\t<\/div><\/figure><figure class='gallery-item'>\n\t\t\t<div class='gallery-icon landscape'>\n\t\t\t\t<a href='https:\/\/perfectpisosindustriais.com.br\/wp-content\/uploads\/2016\/06\/638c7683946dd899bed200cc705f33d5_g.jpg' data-rel=\"lightbox-gallery-1\"><img width=\"150\" height=\"150\" src=\"https:\/\/perfectpisosindustriais.com.br\/wp-content\/uploads\/2016\/06\/638c7683946dd899bed200cc705f33d5_g-150x150.jpg\" class=\"attachment-thumbnail size-thumbnail\" alt=\"\" decoding=\"async\" loading=\"lazy\" \/><\/a>\n\t\t\t<\/div><\/figure><figure class='gallery-item'>\n\t\t\t<div class='gallery-icon landscape'>\n\t\t\t\t<a href='https:\/\/perfectpisosindustriais.com.br\/wp-content\/uploads\/2016\/06\/68d938b99225af095c22898904249c2b_g.jpg' data-rel=\"lightbox-gallery-1\"><img width=\"150\" height=\"150\" src=\"https:\/\/perfectpisosindustriais.com.br\/wp-content\/uploads\/2016\/06\/68d938b99225af095c22898904249c2b_g-150x150.jpg\" class=\"attachment-thumbnail size-thumbnail\" alt=\"\" decoding=\"async\" loading=\"lazy\" \/><\/a>\n\t\t\t<\/div><\/figure><figure class='gallery-item'>\n\t\t\t<div class='gallery-icon landscape'>\n\t\t\t\t<a href='https:\/\/perfectpisosindustriais.com.br\/wp-content\/uploads\/2016\/06\/e23ba06894c8d1c898b67a82efaac155_g.jpg' data-rel=\"lightbox-gallery-1\"><img width=\"150\" height=\"150\" src=\"https:\/\/perfectpisosindustriais.com.br\/wp-content\/uploads\/2016\/06\/e23ba06894c8d1c898b67a82efaac155_g-150x150.jpg\" class=\"attachment-thumbnail size-thumbnail\" alt=\"\" decoding=\"async\" loading=\"lazy\" \/><\/a>\n\t\t\t<\/div><\/figure><figure class='gallery-item'>\n\t\t\t<div class='gallery-icon landscape'>\n\t\t\t\t<a href='https:\/\/perfectpisosindustriais.com.br\/wp-content\/uploads\/2016\/06\/63719e9a7810f25d12fa95ed2bd7b39f_g.jpg' data-rel=\"lightbox-gallery-1\"><img width=\"150\" height=\"150\" src=\"https:\/\/perfectpisosindustriais.com.br\/wp-content\/uploads\/2016\/06\/63719e9a7810f25d12fa95ed2bd7b39f_g-150x150.jpg\" class=\"attachment-thumbnail size-thumbnail\" alt=\"\" decoding=\"async\" loading=\"lazy\" \/><\/a>\n\t\t\t<\/div><\/figure><figure class='gallery-item'>\n\t\t\t<div class='gallery-icon landscape'>\n\t\t\t\t<a href='https:\/\/perfectpisosindustriais.com.br\/wp-content\/uploads\/2016\/06\/e305fe79ff63bd063f6149bae481ef63_g.jpg' data-rel=\"lightbox-gallery-1\"><img width=\"150\" height=\"150\" src=\"https:\/\/perfectpisosindustriais.com.br\/wp-content\/uploads\/2016\/06\/e305fe79ff63bd063f6149bae481ef63_g-150x150.jpg\" class=\"attachment-thumbnail size-thumbnail\" alt=\"\" decoding=\"async\" loading=\"lazy\" \/><\/a>\n\t\t\t<\/div><\/figure>\n\t\t<\/div>\n\n<\/div>\n<\/div><\/div><\/div><\/div><\/div><div class=\"panel-grid\" id=\"pg-7-3\" ><div class=\"siteorigin-panels-stretch panel-row-style\" data-stretch-type=\"full-stretched\" ><div class=\"panel-grid-cell\" id=\"pgc-7-3-0\" ><div class=\"so-panel widget widget_sow-button panel-first-child panel-last-child\" id=\"panel-7-3-0-0\" data-index=\"3\"><div style=\"padding: 30px;background-color:#bc1a1a;\" class=\"panel-widget-style\" ><div class=\"so-widget-sow-button so-widget-sow-button-atom-6a7e22a07676\"><div class=\"ow-button-base ow-button-align-center\">\n\n\t\t<a class=\"ow-button-hover\" href=\"\/fale-conosco\/\" >\n\t\t<span>\n\t\t\t<span class=\"sow-icon-fontawesome\" data-sow-icon=\"&#xf095;\" style=\"color: #bc1a1a\"><\/span>\n\t\t\tENTRE EM CONTATO CONOSCO\t\t<\/span>\n\t<\/a>\n<\/div>\n<\/div><\/div><\/div><\/div><\/div><\/div><\/div>","protected":false},"excerpt":{"rendered":"<p>A Perfect possui equipe especializada para cada tipo de servi\u00e7o Utilizamos equipamentos de primeira linha Utilizamos equipamentos de primeira linha 1 2 3 A Perfect Acabamentos \u00e9 considerada uma das refer\u00eancias em polimento de piso industrial, se destacando pelo excelente acabamento. ENTRE EM CONTATO CONOSCO<\/p>\n","protected":false},"author":1,"featured_media":0,"parent":0,"menu_order":0,"comment_status":"closed","ping_status":"closed","template":"template-full-width.php","meta":[],"_links":{"self":[{"href":"https:\/\/perfectpisosindustriais.com.br\/index.php?rest_route=\/wp\/v2\/pages\/7"}],"collection":[{"href":"https:\/\/perfectpisosindustriais.com.br\/index.php?rest_route=\/wp\/v2\/pages"}],"about":[{"href":"https:\/\/perfectpisosindustriais.com.br\/index.php?rest_route=\/wp\/v2\/types\/page"}],"author":[{"embeddable":true,"href":"https:\/\/perfectpisosindustriais.com.br\/index.php?rest_route=\/wp\/v2\/users\/1"}],"replies":[{"embeddable":true,"href":"https:\/\/perfectpisosindustriais.com.br\/index.php?rest_route=%2Fwp%2Fv2%2Fcomments&post=7"}],"version-history":[{"count":14,"href":"https:\/\/perfectpisosindustriais.com.br\/index.php?rest_route=\/wp\/v2\/pages\/7\/revisions"}],"predecessor-version":[{"id":83,"href":"https:\/\/perfectpisosindustriais.com.br\/index.php?rest_route=\/wp\/v2\/pages\/7\/revisions\/83"}],"wp:attachment":[{"href":"https:\/\/perfectpisosindustriais.com.br\/index.php?rest_route=%2Fwp%2Fv2%2Fmedia&parent=7"}],"curies":[{"name":"wp","href":"https:\/\/api.w.org\/{rel}","templated":true}]}}