{"id":13,"date":"2016-06-25T01:22:37","date_gmt":"2016-06-25T05:22:37","guid":{"rendered":"https:\/\/perfectpisosindustriais.com.br\/?page_id=13"},"modified":"2016-06-25T12:37:30","modified_gmt":"2016-06-25T16:37:30","slug":"servicos","status":"publish","type":"page","link":"https:\/\/perfectpisosindustriais.com.br\/?page_id=13","title":{"rendered":"Servi\u00e7os"},"content":{"rendered":"<div id=\"pl-13\"><div class=\"panel-grid\" id=\"pg-13-0\" ><div class=\"panel-grid-cell\" id=\"pgc-13-0-0\" ><div class=\"so-panel widget widget_lsow-accordion panel-first-child panel-last-child\" id=\"panel-13-0-0-0\" data-index=\"0\"><div class=\"so-widget-lsow-accordion so-widget-lsow-accordion-default-d75171398898\">\n<div class=\"lsow-accordion style1\" data-toggle=\"false\">\n\n    \n        <div class=\"lsow-panel\">\n\n            <div class=\"lsow-panel-title\">Aplica\u00e7\u00e3o de concreto industrial<\/div>\n\n            <div class=\"lsow-panel-content\"><p>Consiste na aplica\u00e7\u00e3o de concreto industrial em \u00e1rea nivelada<\/p><\/div>\n\n        <\/div>\n\n        \n        <div class=\"lsow-panel\">\n\n            <div class=\"lsow-panel-title\">Piso em concreto Liso (Semi Polido)<\/div>\n\n            <div class=\"lsow-panel-content\"><p>Piso semi polido, apresenta superf\u00edcie \u00e1spera ideal para pavimentos externos e armagenagem de produtos.<\/p><\/div>\n\n        <\/div>\n\n        \n        <div class=\"lsow-panel\">\n\n            <div class=\"lsow-panel-title\">Pavimenta\u00e7\u00e3o em concreto armado<\/div>\n\n            <div class=\"lsow-panel-content\"><p>Consiste na preven\u00e7\u00e3o de trincas e embarrigamentos do concreto,<\/p><\/div>\n\n        <\/div>\n\n        \n        <div class=\"lsow-panel\">\n\n            <div class=\"lsow-panel-title\">Piso em concreto polido<\/div>\n\n            <div class=\"lsow-panel-content\"><\/div>\n\n        <\/div>\n\n        \n        <div class=\"lsow-panel\">\n\n            <div class=\"lsow-panel-title\">Piso em concreto Desempenado<\/div>\n\n            <div class=\"lsow-panel-content\"><\/div>\n\n        <\/div>\n\n        \n        <div class=\"lsow-panel\">\n\n            <div class=\"lsow-panel-title\">Piso em concreto Vassourado<\/div>\n\n            <div class=\"lsow-panel-content\"><\/div>\n\n        <\/div>\n\n        \n        <div class=\"lsow-panel\">\n\n            <div class=\"lsow-panel-title\">Piso em concreto queimado (industrial)<\/div>\n\n            <div class=\"lsow-panel-content\"><\/div>\n\n        <\/div>\n\n        \n        <div class=\"lsow-panel\">\n\n            <div class=\"lsow-panel-title\">Tratamento de juntas<\/div>\n\n            <div class=\"lsow-panel-content\"><p>As juntas de dilata\u00e7\u00e3o s\u00e3o as partes menos apreciadas de qualquer piso, mas \u00e9 fundamental trata-las de forma correta.<\/p><p>Negligenciar as juntas pode levar a v\u00e1rios problemas como:<\/p><p style=\"padding-left: 30px\">- C\u00e2ncer do Concreto<\/p><p style=\"padding-left: 30px\">\u2013 Concreto sujeito \u00e0 pragas<\/p><p style=\"padding-left: 30px\">\u2013 Fissura\u00e7\u00e3o do concreto<\/p><p style=\"padding-left: 30px\">\u2013 Desintegra\u00e7\u00e3o das bordas de placas<\/p><p style=\"padding-left: 30px\">\u2013 Pontos de partida para a contamina\u00e7\u00e3o de qualquer bact\u00e9ria<\/p><p style=\"padding-left: 30px\">\u2013 Buracos e solavancos: Perigos para empilhadeiras<\/p><p>O Tratamento de Juntas \u00e9 realizado atrav\u00e9s de t\u00e9cnicas, materiais e processos diversos. A defini\u00e7\u00e3o das aplica\u00e7\u00f5es e t\u00e9cnicas utilizadas neste processo \u00e9 realizada em fun\u00e7\u00e3o da \u00e1rea de aplica\u00e7\u00e3o, tipo do piso industrial, condi\u00e7\u00f5es gerais e das caracter\u00edsticas do projeto.<\/p><\/div>\n\n        <\/div>\n\n        \n        <div class=\"lsow-panel\">\n\n            <div class=\"lsow-panel-title\">Endurecedor de superf\u00edcie<\/div>\n\n            <div class=\"lsow-panel-content\"><\/div>\n\n        <\/div>\n\n        \n        <div class=\"lsow-panel\">\n\n            <div class=\"lsow-panel-title\">Impermeabiliza\u00e7\u00e3o total da superf\u00edcie<\/div>\n\n            <div class=\"lsow-panel-content\"><\/div>\n\n        <\/div>\n\n        \n        <div class=\"lsow-panel\">\n\n            <div class=\"lsow-panel-title\">Resina de alto brilho<\/div>\n\n            <div class=\"lsow-panel-content\"><\/div>\n\n        <\/div>\n\n        \n        <div class=\"lsow-panel\">\n\n            <div class=\"lsow-panel-title\">Aplica\u00e7\u00e3o de ep\u00f3xi<\/div>\n\n            <div class=\"lsow-panel-content\"><\/div>\n\n        <\/div>\n\n        \n<\/div><\/div><\/div><\/div><\/div><\/div>","protected":false},"excerpt":{"rendered":"<p>Aplica\u00e7\u00e3o de concreto industrial Consiste na aplica\u00e7\u00e3o de concreto industrial em \u00e1rea nivelada Piso em concreto Liso (Semi Polido) Piso semi polido, apresenta superf\u00edcie \u00e1spera ideal para pavimentos externos e armagenagem de produtos. Pavimenta\u00e7\u00e3o em concreto armado Consiste na preven\u00e7\u00e3o de trincas e embarrigamentos do concreto, Piso em concreto polido Piso em concreto Desempenado Piso [&hellip;]<\/p>\n","protected":false},"author":1,"featured_media":0,"parent":0,"menu_order":0,"comment_status":"closed","ping_status":"closed","template":"template-full-width.php","meta":[],"_links":{"self":[{"href":"https:\/\/perfectpisosindustriais.com.br\/index.php?rest_route=\/wp\/v2\/pages\/13"}],"collection":[{"href":"https:\/\/perfectpisosindustriais.com.br\/index.php?rest_route=\/wp\/v2\/pages"}],"about":[{"href":"https:\/\/perfectpisosindustriais.com.br\/index.php?rest_route=\/wp\/v2\/types\/page"}],"author":[{"embeddable":true,"href":"https:\/\/perfectpisosindustriais.com.br\/index.php?rest_route=\/wp\/v2\/users\/1"}],"replies":[{"embeddable":true,"href":"https:\/\/perfectpisosindustriais.com.br\/index.php?rest_route=%2Fwp%2Fv2%2Fcomments&post=13"}],"version-history":[{"count":1,"href":"https:\/\/perfectpisosindustriais.com.br\/index.php?rest_route=\/wp\/v2\/pages\/13\/revisions"}],"predecessor-version":[{"id":15,"href":"https:\/\/perfectpisosindustriais.com.br\/index.php?rest_route=\/wp\/v2\/pages\/13\/revisions\/15"}],"wp:attachment":[{"href":"https:\/\/perfectpisosindustriais.com.br\/index.php?rest_route=%2Fwp%2Fv2%2Fmedia&parent=13"}],"curies":[{"name":"wp","href":"https:\/\/api.w.org\/{rel}","templated":true}]}}