{"id":10,"date":"2016-06-25T01:20:08","date_gmt":"2016-06-25T05:20:08","guid":{"rendered":"https:\/\/perfectpisosindustriais.com.br\/?page_id=10"},"modified":"2023-08-11T11:13:37","modified_gmt":"2023-08-11T15:13:37","slug":"empresa","status":"publish","type":"page","link":"https:\/\/perfectpisosindustriais.com.br\/?page_id=10","title":{"rendered":"Empresa"},"content":{"rendered":"<h3>Hist\u00f3rico<\/h3>\n<p>PERFECT, sempre buscou a qualidade de seus servi\u00e7os, investindo na atualiza\u00e7\u00e3o tecnol\u00f3gica e na qualifica\u00e7\u00e3o profissional de sua equipe, para dessa forma atender o cliente com servi\u00e7os de alta confiabilidade, uma empresa que se destaca no segmento de concreto usinado, pisos industriais, ferramentas e equipamentos para a constru\u00e7\u00e3o civil.<\/p>\n<p>Direcionada para diversos segmentos da constru\u00e7\u00e3o civil, acredita e investe em inova\u00e7\u00e3o, com atendimento \u00fanico e de alta qualidade. Mant\u00e9m profissionais como Eng.Civil, Mestre de Obras, t\u00e9cnicos em seguran\u00e7a do trabalho, top\u00f3grafos, para atender as necessidades e exig\u00eancias de cada projeto.<\/p>\n<p>Possui qualidade na execu\u00e7\u00e3o de servi\u00e7os atendendo pequenas e grandes obras, com equipamentos de \u00faltima gera\u00e7\u00e3o, oferecendo ao mercado um diferencial de servi\u00e7o.<\/p>\n<p>Al\u00e9m da Divis\u00e3o de profissionais que atendem 24 horas por dia, os clientes ainda contam com a Divis\u00e3o de Pisos Industriais, desde a prepara\u00e7\u00e3o da base aonde ser\u00e1 aplicado at\u00e9 o acabamento final, incluindo prepara\u00e7\u00e3o, nivela\u00e7\u00e3o do terreno, polimento do concreto, lapida\u00e7\u00e3o e demais recursos com as mais modernas tecnologias dispon\u00edveis no mercado.<\/p>\n<p>Por meio de um sistema de contato direto, mantem projeto de acompanhamento interino da obra, assegurando qualidade e seguran\u00e7a com utiliza\u00e7\u00e3o dos equipamentos e assegura agilidade na presta\u00e7\u00e3o dos seus servi\u00e7os e, com isso, proporciona maior integra\u00e7\u00e3o Empresa-Obra-Cliente.<\/p>\n<p>Investimentos diversificados, opera\u00e7\u00f5es estruturadas, parcerias s\u00f3lidas, ideias inovadoras, sistema de log\u00edstica implantado para atender obras em locais estrat\u00e9gicos, fazem da PERFECT uma refer\u00eancia de qualidade e satisfa\u00e7\u00e3o para o mercado da constru\u00e7\u00e3o civil.<\/p>\n<hr \/>\n<h3>Miss\u00e3o<\/h3>\n<p>Colaborar com o desenvolvimento do nosso Estado e Pa\u00eds, atuando efetivamente na \u00e1rea de constru\u00e7\u00e3o civil, com respeito ao meio ambiente, atendendo especificadamente com a Presta\u00e7\u00e3o de Servi\u00e7os de Concretagem, Equipamentos de EPI\u2019S, Materiais para Constru\u00e7\u00e3o e Ferramentas, com qualidade, agilidade e lucratividade.<\/p>\n<h3>Valores<\/h3>\n<p>Executar a nossa atividade, buscando o equil\u00edbrio entre o desenvolvimento e o meio ambiente, respeitando todas as regras da sociedade e constru\u00e7\u00e3o civil.<\/p>\n<h3>Vis\u00e3o<\/h3>\n<p>Ser um referencial no Estado e Pa\u00eds em nossa \u00e1rea de atividade, reconhecidos pelo desempenho e trabalhos realizados, valorizando a qualidade e produtividade em nossa \u00e1rea de atua\u00e7\u00e3o.<\/p>\n<hr \/>\n<h3>Por que Perfect Acabamentos?<\/h3>\n<p>Perfect Acabamentos, uma empresa que se destaca no segmento de acabamentos em concreto usinado e pisos industriais, devido \u00e0 incorpora\u00e7\u00e3o de metodologia \u00fanica de capacita\u00e7\u00e3o profissional, alta tecnologia em seus equipamentos, profissionais treinados e qualificados, produtos e servi\u00e7os de ponta e com prioridade na excel\u00eancia no atendimento ao cliente.<\/p>\n<p>Direcionada para diversos segmentos da constru\u00e7\u00e3o civil, e acredita e investe em inova\u00e7\u00e3o, com atendimento \u00fanico e de alta qualidade. Mantendo trabalho de P\u00f3s obra proporciona maior integra\u00e7\u00e3o Empresa-Obra-Cliente e Futuros Clientes.<\/p>\n<p>Possui qualidade na execu\u00e7\u00e3o de servi\u00e7os atendendo pequenas e grandes obras, com equipamentos de \u00faltima gera\u00e7\u00e3o, oferecendo ao mercado um diferencial de servi\u00e7o.<\/p>\n<p>Al\u00e9m da Divis\u00e3o de profissionais que atendem 24 horas por dia, os clientes ainda contam com a Divis\u00e3o de Pisos Industriais, desde a prepara\u00e7\u00e3o da base aonde ser\u00e1 aplicado at\u00e9 o acabamento final, incluindo prepara\u00e7\u00e3o, nivela\u00e7\u00e3o do terreno, polimento do concreto, aplica\u00e7\u00e3o de ep\u00f3xi, lapida\u00e7\u00e3o e demais recursos com as mais modernas tecnologias dispon\u00edveis no mercado.<\/p>\n<p>Por meio de um sistema de contato direto, mantem projeto de acompanhamento interino da obra, assegurando qualidade e seguran\u00e7a com a utiliza\u00e7\u00e3o dos equipamentos e assegura agilidade na presta\u00e7\u00e3o dos seus servi\u00e7os e, com isso, proporciona maior integra\u00e7\u00e3o Empresa-Obra-Cliente.<\/p>\n<p>Investimentos diversificados, opera\u00e7\u00f5es estruturadas, parcerias s\u00f3lidas, ideias inovadoras, sistema de log\u00edstica implantado para atender obras em locais estrat\u00e9gicos, fazem da PERFECT uma refer\u00eancia de qualidade e satisfa\u00e7\u00e3o para o mercado da constru\u00e7\u00e3o civil.<\/p>\n","protected":false},"excerpt":{"rendered":"<p>Hist\u00f3rico PERFECT, sempre buscou a qualidade de seus servi\u00e7os, investindo na atualiza\u00e7\u00e3o tecnol\u00f3gica e na qualifica\u00e7\u00e3o profissional de sua equipe, para dessa forma atender o cliente com servi\u00e7os de alta confiabilidade, uma empresa que se destaca no segmento de concreto usinado, pisos industriais, ferramentas e equipamentos para a constru\u00e7\u00e3o civil. Direcionada para diversos segmentos da [&hellip;]<\/p>\n","protected":false},"author":1,"featured_media":0,"parent":0,"menu_order":0,"comment_status":"closed","ping_status":"closed","template":"template-full-width.php","meta":[],"_links":{"self":[{"href":"https:\/\/perfectpisosindustriais.com.br\/index.php?rest_route=\/wp\/v2\/pages\/10"}],"collection":[{"href":"https:\/\/perfectpisosindustriais.com.br\/index.php?rest_route=\/wp\/v2\/pages"}],"about":[{"href":"https:\/\/perfectpisosindustriais.com.br\/index.php?rest_route=\/wp\/v2\/types\/page"}],"author":[{"embeddable":true,"href":"https:\/\/perfectpisosindustriais.com.br\/index.php?rest_route=\/wp\/v2\/users\/1"}],"replies":[{"embeddable":true,"href":"https:\/\/perfectpisosindustriais.com.br\/index.php?rest_route=%2Fwp%2Fv2%2Fcomments&post=10"}],"version-history":[{"count":3,"href":"https:\/\/perfectpisosindustriais.com.br\/index.php?rest_route=\/wp\/v2\/pages\/10\/revisions"}],"predecessor-version":[{"id":91,"href":"https:\/\/perfectpisosindustriais.com.br\/index.php?rest_route=\/wp\/v2\/pages\/10\/revisions\/91"}],"wp:attachment":[{"href":"https:\/\/perfectpisosindustriais.com.br\/index.php?rest_route=%2Fwp%2Fv2%2Fmedia&parent=10"}],"curies":[{"name":"wp","href":"https:\/\/api.w.org\/{rel}","templated":true}]}}